{"id":7508,"date":"2018-06-19T11:16:53","date_gmt":"2018-06-19T11:16:53","guid":{"rendered":"https:\/\/www.avantissalud.com\/?page_id=7508"},"modified":"2019-10-30T10:43:07","modified_gmt":"2019-10-30T10:43:07","slug":"contract","status":"publish","type":"page","link":"https:\/\/www.avantissalud.com\/en\/contract\/","title":{"rendered":"Contract"},"content":{"rendered":"[vc_row type=&#8221;in_container&#8221; full_screen_row_position=&#8221;middle&#8221; scene_position=&#8221;center&#8221; text_color=&#8221;dark&#8221; text_align=&#8221;left&#8221; overlay_strength=&#8221;0.3&#8243; shape_divider_position=&#8221;bottom&#8221;][vc_column column_padding=&#8221;no-extra-padding&#8221; column_padding_position=&#8221;all&#8221; background_color_opacity=&#8221;1&#8243; background_hover_color_opacity=&#8221;1&#8243; column_shadow=&#8221;none&#8221; column_border_radius=&#8221;none&#8221; width=&#8221;1\/1&#8243; tablet_text_alignment=&#8221;default&#8221; phone_text_alignment=&#8221;default&#8221; column_border_width=&#8221;none&#8221; column_border_style=&#8221;solid&#8221;][rev_slider_vc alias=&#8221;tienda-eng&#8221;][\/vc_column][\/vc_row][vc_row type=&#8221;in_container&#8221; full_screen_row_position=&#8221;middle&#8221; scene_position=&#8221;center&#8221; text_color=&#8221;dark&#8221; text_align=&#8221;left&#8221; id=&#8221;planes&#8221; overlay_strength=&#8221;0.3&#8243; shape_divider_position=&#8221;bottom&#8221; shape_type=&#8221;&#8221;][vc_column column_padding=&#8221;no-extra-padding&#8221; column_padding_position=&#8221;all&#8221; background_color_opacity=&#8221;1&#8243; background_hover_color_opacity=&#8221;1&#8243; column_shadow=&#8221;none&#8221; column_border_radius=&#8221;none&#8221; width=&#8221;1\/6&#8243; tablet_text_alignment=&#8221;default&#8221; phone_text_alignment=&#8221;default&#8221; column_border_width=&#8221;none&#8221; column_border_style=&#8221;solid&#8221;][\/vc_column][vc_column column_padding=&#8221;no-extra-padding&#8221; column_padding_position=&#8221;all&#8221; background_color_opacity=&#8221;1&#8243; background_hover_color_opacity=&#8221;1&#8243; column_shadow=&#8221;none&#8221; column_border_radius=&#8221;none&#8221; width=&#8221;2\/3&#8243; tablet_text_alignment=&#8221;default&#8221; phone_text_alignment=&#8221;default&#8221; column_border_width=&#8221;none&#8221; column_border_style=&#8221;solid&#8221;][vc_column_text]\n<h3 style=\"text-align: center; color: #009daa;\">Avantis Plans<\/h3>\n[\/vc_column_text][divider line_type=&#8221;No Line&#8221; custom_height=&#8221;35&#8243;][vc_column_text]\n<p style=\"text-align: center;\">Avantis Salud gives you access to private healthcare through our <a href=\"\/en\/collaboration-network\/\"><strong>collaborator network<\/strong><\/a>. You can choose from the different schemes in our service portfolio.<\/p>\n[\/vc_column_text][\/vc_column][vc_column column_padding=&#8221;no-extra-padding&#8221; column_padding_position=&#8221;all&#8221; background_color_opacity=&#8221;1&#8243; background_hover_color_opacity=&#8221;1&#8243; column_shadow=&#8221;none&#8221; column_border_radius=&#8221;none&#8221; width=&#8221;1\/6&#8243; tablet_text_alignment=&#8221;default&#8221; phone_text_alignment=&#8221;default&#8221; column_border_width=&#8221;none&#8221; column_border_style=&#8221;solid&#8221;][\/vc_column][\/vc_row][vc_row type=&#8221;in_container&#8221; full_screen_row_position=&#8221;middle&#8221; scene_position=&#8221;center&#8221; text_color=&#8221;dark&#8221; text_align=&#8221;left&#8221; id=&#8221;plans&#8221; overlay_strength=&#8221;0.3&#8243; shape_divider_position=&#8221;bottom&#8221; shape_type=&#8221;&#8221;][vc_column column_padding=&#8221;no-extra-padding&#8221; column_padding_position=&#8221;all&#8221; background_color_opacity=&#8221;1&#8243; background_hover_color_opacity=&#8221;1&#8243; column_shadow=&#8221;none&#8221; column_border_radius=&#8221;none&#8221; width=&#8221;1\/4&#8243; tablet_text_alignment=&#8221;default&#8221; phone_text_alignment=&#8221;default&#8221; column_border_width=&#8221;none&#8221; column_border_style=&#8221;solid&#8221;][image_with_animation image_url=&#8221;7648&#8243; alignment=&#8221;center&#8221; animation=&#8221;Fade In&#8221; border_radius=&#8221;none&#8221; box_shadow=&#8221;none&#8221; max_width=&#8221;100%&#8221; img_link=&#8221;\/en\/plan-fideliza\/&#8221;][\/vc_column][vc_column column_padding=&#8221;no-extra-padding&#8221; column_padding_position=&#8221;all&#8221; background_color_opacity=&#8221;1&#8243; background_hover_color_opacity=&#8221;1&#8243; column_shadow=&#8221;none&#8221; column_border_radius=&#8221;none&#8221; width=&#8221;1\/4&#8243; tablet_text_alignment=&#8221;default&#8221; phone_text_alignment=&#8221;default&#8221; column_border_width=&#8221;none&#8221; column_border_style=&#8221;solid&#8221;][image_with_animation image_url=&#8221;6507&#8243; alignment=&#8221;center&#8221; animation=&#8221;Fade In&#8221; border_radius=&#8221;none&#8221; box_shadow=&#8221;none&#8221; max_width=&#8221;100%&#8221; img_link=&#8221;\/en\/plan-bienestar\/&#8221;][\/vc_column][vc_column column_padding=&#8221;no-extra-padding&#8221; column_padding_position=&#8221;all&#8221; background_color_opacity=&#8221;1&#8243; background_hover_color_opacity=&#8221;1&#8243; column_shadow=&#8221;none&#8221; column_border_radius=&#8221;none&#8221; width=&#8221;1\/4&#8243; tablet_text_alignment=&#8221;default&#8221; phone_text_alignment=&#8221;default&#8221; column_border_width=&#8221;none&#8221; column_border_style=&#8221;solid&#8221;][image_with_animation image_url=&#8221;6509&#8243; alignment=&#8221;center&#8221; animation=&#8221;Fade In&#8221; border_radius=&#8221;none&#8221; box_shadow=&#8221;none&#8221; max_width=&#8221;100%&#8221; img_link=&#8221;\/en\/plan-bienestar-plus\/&#8221;][\/vc_column][vc_column column_padding=&#8221;no-extra-padding&#8221; column_padding_position=&#8221;all&#8221; background_color_opacity=&#8221;1&#8243; background_hover_color_opacity=&#8221;1&#8243; column_shadow=&#8221;none&#8221; column_border_radius=&#8221;none&#8221; width=&#8221;1\/4&#8243; tablet_text_alignment=&#8221;default&#8221; phone_text_alignment=&#8221;default&#8221; column_border_width=&#8221;none&#8221; column_border_style=&#8221;solid&#8221;][image_with_animation image_url=&#8221;7126&#8243; alignment=&#8221;center&#8221; animation=&#8221;Fade In&#8221; border_radius=&#8221;none&#8221; box_shadow=&#8221;none&#8221; max_width=&#8221;100%&#8221; img_link=&#8221;\/en\/plan-elite\/&#8221;][\/vc_column][\/vc_row][vc_row type=&#8221;full_width_content&#8221; full_screen_row_position=&#8221;middle&#8221; equal_height=&#8221;yes&#8221; content_placement=&#8221;middle&#8221; scene_position=&#8221;center&#8221; text_color=&#8221;dark&#8221; text_align=&#8221;left&#8221; top_padding=&#8221;1%&#8221; bottom_padding=&#8221;1%&#8221; overlay_strength=&#8221;0.3&#8243; shape_divider_position=&#8221;bottom&#8221; shape_type=&#8221;&#8221;][vc_column column_padding=&#8221;no-extra-padding&#8221; column_padding_position=&#8221;all&#8221; background_color_opacity=&#8221;1&#8243; background_hover_color_opacity=&#8221;1&#8243; column_shadow=&#8221;none&#8221; column_border_radius=&#8221;none&#8221; width=&#8221;1\/4&#8243; tablet_text_alignment=&#8221;default&#8221; phone_text_alignment=&#8221;default&#8221; column_border_width=&#8221;none&#8221; column_border_style=&#8221;solid&#8221;][\/vc_column][vc_column column_padding=&#8221;no-extra-padding&#8221; column_padding_position=&#8221;left&#8221; background_color_opacity=&#8221;1&#8243; background_hover_color_opacity=&#8221;1&#8243; column_shadow=&#8221;none&#8221; column_border_radius=&#8221;none&#8221; width=&#8221;1\/6&#8243; tablet_text_alignment=&#8221;default&#8221; phone_text_alignment=&#8221;default&#8221; column_border_width=&#8221;none&#8221; column_border_style=&#8221;solid&#8221;][image_with_animation image_url=&#8221;6733&#8243; alignment=&#8221;center&#8221; animation=&#8221;Fade In&#8221; img_link_target=&#8221;_blank&#8221; border_radius=&#8221;none&#8221; box_shadow=&#8221;none&#8221; max_width=&#8221;100%&#8221; img_link=&#8221;http:\/\/www.gobiernodecanarias.org\/aciisi\/&#8221;][\/vc_column][vc_column column_padding=&#8221;no-extra-padding&#8221; column_padding_position=&#8221;left&#8221; background_color_opacity=&#8221;1&#8243; background_hover_color_opacity=&#8221;1&#8243; column_shadow=&#8221;none&#8221; column_border_radius=&#8221;none&#8221; width=&#8221;1\/6&#8243; tablet_text_alignment=&#8221;default&#8221; phone_text_alignment=&#8221;default&#8221; column_border_width=&#8221;none&#8221; column_border_style=&#8221;solid&#8221;][image_with_animation image_url=&#8221;6731&#8243; alignment=&#8221;center&#8221; animation=&#8221;Fade In&#8221; border_radius=&#8221;none&#8221; box_shadow=&#8221;none&#8221; max_width=&#8221;100%&#8221;][\/vc_column][vc_column column_padding=&#8221;no-extra-padding&#8221; column_padding_position=&#8221;right&#8221; background_color_opacity=&#8221;1&#8243; background_hover_color_opacity=&#8221;1&#8243; column_shadow=&#8221;none&#8221; column_border_radius=&#8221;none&#8221; width=&#8221;1\/6&#8243; tablet_text_alignment=&#8221;default&#8221; phone_text_alignment=&#8221;default&#8221; column_border_width=&#8221;none&#8221; column_border_style=&#8221;solid&#8221;][image_with_animation image_url=&#8221;6819&#8243; alignment=&#8221;center&#8221; animation=&#8221;Fade In&#8221; border_radius=&#8221;none&#8221; box_shadow=&#8221;none&#8221; max_width=&#8221;100%&#8221; img_link=&#8221;http:\/\/ec.europa.eu\/regional_policy\/es\/funding\/erdf\/&#8221;][\/vc_column][vc_column column_padding=&#8221;no-extra-padding&#8221; column_padding_position=&#8221;all&#8221; background_color_opacity=&#8221;1&#8243; background_hover_color_opacity=&#8221;1&#8243; column_shadow=&#8221;none&#8221; column_border_radius=&#8221;none&#8221; width=&#8221;1\/4&#8243; tablet_text_alignment=&#8221;default&#8221; phone_text_alignment=&#8221;default&#8221; column_border_width=&#8221;none&#8221; column_border_style=&#8221;solid&#8221;][\/vc_column][\/vc_row]\n","protected":false},"excerpt":{"rendered":"<p>[vc_row type=&#8221;in_container&#8221; full_screen_row_position=&#8221;middle&#8221; scene_position=&#8221;center&#8221; text_color=&#8221;dark&#8221; text_align=&#8221;left&#8221; overlay_strength=&#8221;0.3&#8243; shape_divider_position=&#8221;bottom&#8221;][vc_column column_padding=&#8221;no-extra-padding&#8221; column_padding_position=&#8221;all&#8221; background_color_opacity=&#8221;1&#8243; background_hover_color_opacity=&#8221;1&#8243; column_shadow=&#8221;none&#8221; column_border_radius=&#8221;none&#8221; width=&#8221;1\/1&#8243; tablet_text_alignment=&#8221;default&#8221; phone_text_alignment=&#8221;default&#8221; column_border_width=&#8221;none&#8221; column_border_style=&#8221;solid&#8221;][rev_slider_vc alias=&#8221;tienda-eng&#8221;][\/vc_column][\/vc_row][vc_row type=&#8221;in_container&#8221; full_screen_row_position=&#8221;middle&#8221; scene_position=&#8221;center&#8221; text_color=&#8221;dark&#8221; text_align=&#8221;left&#8221; id=&#8221;planes&#8221; overlay_strength=&#8221;0.3&#8243; shape_divider_position=&#8221;bottom&#8221; shape_type=&#8221;&#8221;][vc_column column_padding=&#8221;no-extra-padding&#8221; column_padding_position=&#8221;all&#8221; background_color_opacity=&#8221;1&#8243; background_hover_color_opacity=&#8221;1&#8243; column_shadow=&#8221;none&#8221; column_border_radius=&#8221;none&#8221; width=&#8221;1\/6&#8243; tablet_text_alignment=&#8221;default&#8221; phone_text_alignment=&#8221;default&#8221; column_border_width=&#8221;none&#8221; column_border_style=&#8221;solid&#8221;][\/vc_column][vc_column column_padding=&#8221;no-extra-padding&#8221; column_padding_position=&#8221;all&#8221; background_color_opacity=&#8221;1&#8243; background_hover_color_opacity=&#8221;1&#8243; column_shadow=&#8221;none&#8221; column_border_radius=&#8221;none&#8221; width=&#8221;2\/3&#8243; tablet_text_alignment=&#8221;default&#8221; phone_text_alignment=&#8221;default&#8221; column_border_width=&#8221;none&#8221;&#8230;<\/p>\n","protected":false},"author":4,"featured_media":0,"parent":0,"menu_order":0,"comment_status":"closed","ping_status":"closed","template":"","meta":{"footnotes":""},"class_list":["post-7508","page","type-page","status-publish"],"yoast_head":"<!-- This site is optimized with the Yoast SEO plugin v27.3 - https:\/\/yoast.com\/product\/yoast-seo-wordpress\/ -->\n<title>Contract &#8226; Avantis, La Respuesta en Salud<\/title>\n<meta name=\"description\" content=\"Conoce Avantis, descubre los planes de salud que buscas con la comodidad y calidad de los mejores profesionales sanitarios que necesitas en Canarias y m\u00e1s economico que un seguro de salud\" \/>\n<meta name=\"robots\" content=\"index, follow, max-snippet:-1, max-image-preview:large, max-video-preview:-1\" \/>\n<link rel=\"canonical\" href=\"https:\/\/www.avantissalud.com\/en\/contract\/\" \/>\n<meta property=\"og:locale\" content=\"en_US\" \/>\n<meta property=\"og:type\" content=\"article\" \/>\n<meta property=\"og:title\" content=\"Contract &#8226; Avantis, La Respuesta en Salud\" \/>\n<meta property=\"og:description\" content=\"Conoce Avantis, descubre los planes de salud que buscas con la comodidad y calidad de los mejores profesionales sanitarios que necesitas en Canarias y m\u00e1s economico que un seguro de salud\" \/>\n<meta property=\"og:url\" content=\"https:\/\/www.avantissalud.com\/en\/contract\/\" \/>\n<meta property=\"og:site_name\" content=\"Avantis, La Respuesta en Salud\" \/>\n<meta property=\"article:publisher\" content=\"https:\/\/www.facebook.com\/LaRespuestaEnSalud\/\" \/>\n<meta property=\"article:modified_time\" content=\"2019-10-30T10:43:07+00:00\" \/>\n<meta property=\"og:image\" content=\"https:\/\/www.avantissalud.com\/wp-content\/uploads\/2017\/12\/logo-color.png\" \/>\n\t<meta property=\"og:image:width\" content=\"797\" \/>\n\t<meta property=\"og:image:height\" content=\"236\" \/>\n\t<meta property=\"og:image:type\" content=\"image\/png\" \/>\n<meta name=\"twitter:card\" content=\"summary_large_image\" \/>\n<meta name=\"twitter:site\" content=\"@AvantisSalud\" \/>\n<meta name=\"twitter:label1\" content=\"Est. reading time\" \/>\n\t<meta name=\"twitter:data1\" content=\"4 minutes\" \/>\n<script type=\"application\/ld+json\" class=\"yoast-schema-graph\">{\"@context\":\"https:\\\/\\\/schema.org\",\"@graph\":[{\"@type\":\"WebPage\",\"@id\":\"https:\\\/\\\/www.avantissalud.com\\\/en\\\/contract\\\/\",\"url\":\"https:\\\/\\\/www.avantissalud.com\\\/en\\\/contract\\\/\",\"name\":\"Contract &#8226; Avantis, La Respuesta en Salud\",\"isPartOf\":{\"@id\":\"https:\\\/\\\/www.avantissalud.com\\\/#website\"},\"datePublished\":\"2018-06-19T11:16:53+00:00\",\"dateModified\":\"2019-10-30T10:43:07+00:00\",\"description\":\"Conoce Avantis, descubre los planes de salud que buscas con la comodidad y calidad de los mejores profesionales sanitarios que necesitas en Canarias y m\u00e1s economico que un seguro de salud\",\"breadcrumb\":{\"@id\":\"https:\\\/\\\/www.avantissalud.com\\\/en\\\/contract\\\/#breadcrumb\"},\"inLanguage\":\"en-US\",\"potentialAction\":[{\"@type\":\"ReadAction\",\"target\":[\"https:\\\/\\\/www.avantissalud.com\\\/en\\\/contract\\\/\"]}]},{\"@type\":\"BreadcrumbList\",\"@id\":\"https:\\\/\\\/www.avantissalud.com\\\/en\\\/contract\\\/#breadcrumb\",\"itemListElement\":[{\"@type\":\"ListItem\",\"position\":1,\"name\":\"Portada\",\"item\":\"https:\\\/\\\/www.avantissalud.com\\\/en\\\/\"},{\"@type\":\"ListItem\",\"position\":2,\"name\":\"Contract\"}]},{\"@type\":\"WebSite\",\"@id\":\"https:\\\/\\\/www.avantissalud.com\\\/#website\",\"url\":\"https:\\\/\\\/www.avantissalud.com\\\/\",\"name\":\"Avantis, La Respuesta en Salud\",\"description\":\"Producto dise\u00f1ado y promovido por expertos farmac\u00e9uticos, enfermeros, fisioterapeutas, odont\u00f3logos, m\u00e9dicos y profesionales del sector asegurador, que se acoge a la agilidad y sencillez que proporcionan las nuevas tecnolog\u00edas\",\"publisher\":{\"@id\":\"https:\\\/\\\/www.avantissalud.com\\\/#organization\"},\"potentialAction\":[{\"@type\":\"SearchAction\",\"target\":{\"@type\":\"EntryPoint\",\"urlTemplate\":\"https:\\\/\\\/www.avantissalud.com\\\/?s={search_term_string}\"},\"query-input\":{\"@type\":\"PropertyValueSpecification\",\"valueRequired\":true,\"valueName\":\"search_term_string\"}}],\"inLanguage\":\"en-US\"},{\"@type\":\"Organization\",\"@id\":\"https:\\\/\\\/www.avantissalud.com\\\/#organization\",\"name\":\"Avantis Salud\",\"url\":\"https:\\\/\\\/www.avantissalud.com\\\/\",\"logo\":{\"@type\":\"ImageObject\",\"inLanguage\":\"en-US\",\"@id\":\"https:\\\/\\\/www.avantissalud.com\\\/#\\\/schema\\\/logo\\\/image\\\/\",\"url\":\"https:\\\/\\\/www.avantissalud.com\\\/wp-content\\\/uploads\\\/2017\\\/12\\\/logo-color.png\",\"contentUrl\":\"https:\\\/\\\/www.avantissalud.com\\\/wp-content\\\/uploads\\\/2017\\\/12\\\/logo-color.png\",\"width\":797,\"height\":236,\"caption\":\"Avantis Salud\"},\"image\":{\"@id\":\"https:\\\/\\\/www.avantissalud.com\\\/#\\\/schema\\\/logo\\\/image\\\/\"},\"sameAs\":[\"https:\\\/\\\/www.facebook.com\\\/LaRespuestaEnSalud\\\/\",\"https:\\\/\\\/x.com\\\/AvantisSalud\",\"https:\\\/\\\/www.instagram.com\\\/avantissalud\\\/\",\"https:\\\/\\\/www.linkedin.com\\\/company\\\/11427972\\\/\",\"https:\\\/\\\/www.youtube.com\\\/user\\\/AvantisSalud\"]}]}<\/script>\n<!-- \/ Yoast SEO plugin. -->","yoast_head_json":{"title":"Contract &#8226; Avantis, La Respuesta en Salud","description":"Conoce Avantis, descubre los planes de salud que buscas con la comodidad y calidad de los mejores profesionales sanitarios que necesitas en Canarias y m\u00e1s economico que un seguro de salud","robots":{"index":"index","follow":"follow","max-snippet":"max-snippet:-1","max-image-preview":"max-image-preview:large","max-video-preview":"max-video-preview:-1"},"canonical":"https:\/\/www.avantissalud.com\/en\/contract\/","og_locale":"en_US","og_type":"article","og_title":"Contract &#8226; Avantis, La Respuesta en Salud","og_description":"Conoce Avantis, descubre los planes de salud que buscas con la comodidad y calidad de los mejores profesionales sanitarios que necesitas en Canarias y m\u00e1s economico que un seguro de salud","og_url":"https:\/\/www.avantissalud.com\/en\/contract\/","og_site_name":"Avantis, La Respuesta en Salud","article_publisher":"https:\/\/www.facebook.com\/LaRespuestaEnSalud\/","article_modified_time":"2019-10-30T10:43:07+00:00","og_image":[{"width":797,"height":236,"url":"https:\/\/www.avantissalud.com\/wp-content\/uploads\/2017\/12\/logo-color.png","type":"image\/png"}],"twitter_card":"summary_large_image","twitter_site":"@AvantisSalud","twitter_misc":{"Est. reading time":"4 minutes"},"schema":{"@context":"https:\/\/schema.org","@graph":[{"@type":"WebPage","@id":"https:\/\/www.avantissalud.com\/en\/contract\/","url":"https:\/\/www.avantissalud.com\/en\/contract\/","name":"Contract &#8226; Avantis, La Respuesta en Salud","isPartOf":{"@id":"https:\/\/www.avantissalud.com\/#website"},"datePublished":"2018-06-19T11:16:53+00:00","dateModified":"2019-10-30T10:43:07+00:00","description":"Conoce Avantis, descubre los planes de salud que buscas con la comodidad y calidad de los mejores profesionales sanitarios que necesitas en Canarias y m\u00e1s economico que un seguro de salud","breadcrumb":{"@id":"https:\/\/www.avantissalud.com\/en\/contract\/#breadcrumb"},"inLanguage":"en-US","potentialAction":[{"@type":"ReadAction","target":["https:\/\/www.avantissalud.com\/en\/contract\/"]}]},{"@type":"BreadcrumbList","@id":"https:\/\/www.avantissalud.com\/en\/contract\/#breadcrumb","itemListElement":[{"@type":"ListItem","position":1,"name":"Portada","item":"https:\/\/www.avantissalud.com\/en\/"},{"@type":"ListItem","position":2,"name":"Contract"}]},{"@type":"WebSite","@id":"https:\/\/www.avantissalud.com\/#website","url":"https:\/\/www.avantissalud.com\/","name":"Avantis, La Respuesta en Salud","description":"Producto dise\u00f1ado y promovido por expertos farmac\u00e9uticos, enfermeros, fisioterapeutas, odont\u00f3logos, m\u00e9dicos y profesionales del sector asegurador, que se acoge a la agilidad y sencillez que proporcionan las nuevas tecnolog\u00edas","publisher":{"@id":"https:\/\/www.avantissalud.com\/#organization"},"potentialAction":[{"@type":"SearchAction","target":{"@type":"EntryPoint","urlTemplate":"https:\/\/www.avantissalud.com\/?s={search_term_string}"},"query-input":{"@type":"PropertyValueSpecification","valueRequired":true,"valueName":"search_term_string"}}],"inLanguage":"en-US"},{"@type":"Organization","@id":"https:\/\/www.avantissalud.com\/#organization","name":"Avantis Salud","url":"https:\/\/www.avantissalud.com\/","logo":{"@type":"ImageObject","inLanguage":"en-US","@id":"https:\/\/www.avantissalud.com\/#\/schema\/logo\/image\/","url":"https:\/\/www.avantissalud.com\/wp-content\/uploads\/2017\/12\/logo-color.png","contentUrl":"https:\/\/www.avantissalud.com\/wp-content\/uploads\/2017\/12\/logo-color.png","width":797,"height":236,"caption":"Avantis Salud"},"image":{"@id":"https:\/\/www.avantissalud.com\/#\/schema\/logo\/image\/"},"sameAs":["https:\/\/www.facebook.com\/LaRespuestaEnSalud\/","https:\/\/x.com\/AvantisSalud","https:\/\/www.instagram.com\/avantissalud\/","https:\/\/www.linkedin.com\/company\/11427972\/","https:\/\/www.youtube.com\/user\/AvantisSalud"]}]}},"_links":{"self":[{"href":"https:\/\/www.avantissalud.com\/en\/wp-json\/wp\/v2\/pages\/7508","targetHints":{"allow":["GET"]}}],"collection":[{"href":"https:\/\/www.avantissalud.com\/en\/wp-json\/wp\/v2\/pages"}],"about":[{"href":"https:\/\/www.avantissalud.com\/en\/wp-json\/wp\/v2\/types\/page"}],"author":[{"embeddable":true,"href":"https:\/\/www.avantissalud.com\/en\/wp-json\/wp\/v2\/users\/4"}],"replies":[{"embeddable":true,"href":"https:\/\/www.avantissalud.com\/en\/wp-json\/wp\/v2\/comments?post=7508"}],"version-history":[{"count":8,"href":"https:\/\/www.avantissalud.com\/en\/wp-json\/wp\/v2\/pages\/7508\/revisions"}],"predecessor-version":[{"id":7670,"href":"https:\/\/www.avantissalud.com\/en\/wp-json\/wp\/v2\/pages\/7508\/revisions\/7670"}],"wp:attachment":[{"href":"https:\/\/www.avantissalud.com\/en\/wp-json\/wp\/v2\/media?parent=7508"}],"curies":[{"name":"wp","href":"https:\/\/api.w.org\/{rel}","templated":true}]}}