{"id":7516,"date":"2018-06-19T12:00:37","date_gmt":"2018-06-19T12:00:37","guid":{"rendered":"https:\/\/www.avantissalud.com\/?page_id=7516"},"modified":"2019-10-14T11:36:42","modified_gmt":"2019-10-14T11:36:42","slug":"plan-bienestar-plus","status":"publish","type":"page","link":"https:\/\/www.avantissalud.com\/en\/plan-bienestar-plus\/","title":{"rendered":"plan bienestar plus"},"content":{"rendered":"[vc_row type=&#8221;in_container&#8221; full_screen_row_position=&#8221;middle&#8221; equal_height=&#8221;yes&#8221; content_placement=&#8221;top&#8221; scene_position=&#8221;center&#8221; text_color=&#8221;dark&#8221; text_align=&#8221;left&#8221; overlay_strength=&#8221;0.3&#8243; shape_divider_position=&#8221;bottom&#8221; shape_type=&#8221;&#8221;][vc_column column_padding=&#8221;no-extra-padding&#8221; column_padding_position=&#8221;all&#8221; background_color_opacity=&#8221;1&#8243; background_hover_color_opacity=&#8221;1&#8243; column_shadow=&#8221;none&#8221; column_border_radius=&#8221;none&#8221; width=&#8221;1\/2&#8243; tablet_text_alignment=&#8221;default&#8221; phone_text_alignment=&#8221;default&#8221; column_border_width=&#8221;none&#8221; column_border_style=&#8221;solid&#8221;][image_with_animation image_url=&#8221;6512&#8243; alignment=&#8221;right&#8221; animation=&#8221;Fade In&#8221; border_radius=&#8221;none&#8221; box_shadow=&#8221;none&#8221; max_width=&#8221;100%&#8221;][\/vc_column][vc_column column_padding=&#8221;no-extra-padding&#8221; column_padding_position=&#8221;all&#8221; background_color_opacity=&#8221;1&#8243; background_hover_color_opacity=&#8221;1&#8243; column_shadow=&#8221;none&#8221; column_border_radius=&#8221;none&#8221; width=&#8221;1\/2&#8243; tablet_text_alignment=&#8221;default&#8221; phone_text_alignment=&#8221;default&#8221; column_border_width=&#8221;none&#8221; column_border_style=&#8221;solid&#8221;][image_with_animation image_url=&#8221;7589&#8243; alignment=&#8221;&#8221; animation=&#8221;Fade In&#8221; border_radius=&#8221;none&#8221; box_shadow=&#8221;none&#8221; max_width=&#8221;100%&#8221;][vc_column_text]<strong><span style=\"color: #009fad;\">PAY AS YOU GO:<\/span><\/strong><br \/>\nVisits to medical consultants due to illness<\/p>\n<p><strong><span style=\"color: #009fad;\">\u201cAVANTIS-SUBVENCIONA\u201d LOYALTY SCHEME:<\/span><\/strong><br \/>\nHome Nursing for post-surgery and acute processes<br \/>\nReliable doctor<br \/>\nOrganizing and coordinating health care<\/p>\n<p><strong><span style=\"color: #009fad;\">SPECIFIC INSURANCE COVER:<\/span><\/strong><br \/>\nVisits to medical consultants due to an accident<br \/>\nAdditional diagnostic tests due to an accident and\/or illness<br \/>\nMedical and dental treatments due to an accident<br \/>\nHospitalization and surgery due to accident<br \/>\nMedical and dental emergencies in the event of an accident and\/or illness<br \/>\nTravel assistance[\/vc_column_text][divider line_type=&#8221;No Line&#8221; custom_height=&#8221;35&#8243;][vc_column_text]<b>Recruitment policy: Subscription of insured is allowed up to the maximum age of 65 years.<\/b>[\/vc_column_text][divider line_type=&#8221;No Line&#8221; custom_height=&#8221;35&#8243;][nectar_btn size=&#8221;large&#8221; open_new_tab=&#8221;true&#8221; button_style=&#8221;regular&#8221; button_color_2=&#8221;Accent-Color&#8221; icon_family=&#8221;none&#8221; el_class=&#8221;derc&#8221; url=&#8221;https:\/\/derrotero.avantissalud.com\/contratacion\/bienestar-plus\/&#8221; text=&#8221;CONTRACT&#8221;][\/vc_column][\/vc_row][vc_row type=&#8221;in_container&#8221; full_screen_row_position=&#8221;middle&#8221; scene_position=&#8221;center&#8221; text_color=&#8221;dark&#8221; text_align=&#8221;left&#8221; class=&#8221;coberturas&#8221; disable_element=&#8221;yes&#8221; overlay_strength=&#8221;0.3&#8243; shape_divider_position=&#8221;bottom&#8221; shape_type=&#8221;&#8221;][vc_column column_padding=&#8221;no-extra-padding&#8221; column_padding_position=&#8221;all&#8221; background_color_opacity=&#8221;1&#8243; background_hover_color_opacity=&#8221;1&#8243; column_shadow=&#8221;none&#8221; column_border_radius=&#8221;none&#8221; width=&#8221;1\/1&#8243; tablet_text_alignment=&#8221;default&#8221; phone_text_alignment=&#8221;default&#8221; column_border_width=&#8221;none&#8221; column_border_style=&#8221;solid&#8221;][divider line_type=&#8221;No Line&#8221; custom_height=&#8221;35&#8243;][vc_column_text]\n<h3 style=\"text-align: center; color: #009daa;\">Productos Relacionados<\/h3>\n[\/vc_column_text][divider line_type=&#8221;No Line&#8221; custom_height=&#8221;35&#8243;][vc_row_inner column_margin=&#8221;default&#8221; text_align=&#8221;left&#8221;][vc_column_inner column_padding=&#8221;no-extra-padding&#8221; column_padding_position=&#8221;all&#8221; background_color_opacity=&#8221;1&#8243; background_hover_color_opacity=&#8221;1&#8243; column_shadow=&#8221;none&#8221; column_border_radius=&#8221;none&#8221; width=&#8221;1\/4&#8243; column_border_width=&#8221;none&#8221; column_border_style=&#8221;solid&#8221;][image_with_animation image_url=&#8221;6516&#8243; alignment=&#8221;center&#8221; animation=&#8221;Fade In&#8221; border_radius=&#8221;none&#8221; box_shadow=&#8221;none&#8221; max_width=&#8221;100%&#8221; img_link=&#8221;\/ficha-bienestar\/&#8221;][\/vc_column_inner][vc_column_inner column_padding=&#8221;no-extra-padding&#8221; column_padding_position=&#8221;all&#8221; background_color_opacity=&#8221;1&#8243; background_hover_color_opacity=&#8221;1&#8243; column_shadow=&#8221;none&#8221; column_border_radius=&#8221;none&#8221; width=&#8221;1\/4&#8243; column_border_width=&#8221;none&#8221; column_border_style=&#8221;solid&#8221;][image_with_animation image_url=&#8221;6515&#8243; alignment=&#8221;center&#8221; animation=&#8221;Fade In&#8221; border_radius=&#8221;none&#8221; box_shadow=&#8221;none&#8221; max_width=&#8221;100%&#8221; img_link=&#8221;\/hospitalizacion-y-cirugia-por-enfermedad\/&#8221;][\/vc_column_inner][vc_column_inner column_padding=&#8221;no-extra-padding&#8221; column_padding_position=&#8221;all&#8221; background_color_opacity=&#8221;1&#8243; background_hover_color_opacity=&#8221;1&#8243; column_shadow=&#8221;none&#8221; column_border_radius=&#8221;none&#8221; width=&#8221;1\/4&#8243; column_border_width=&#8221;none&#8221; column_border_style=&#8221;solid&#8221;][image_with_animation image_url=&#8221;6523&#8243; alignment=&#8221;center&#8221; animation=&#8221;Fade In&#8221; border_radius=&#8221;none&#8221; box_shadow=&#8221;none&#8221; max_width=&#8221;100%&#8221; img_link=&#8221;\/tratamiento-dental-por-enfermedad\/&#8221;][\/vc_column_inner][vc_column_inner column_padding=&#8221;no-extra-padding&#8221; column_padding_position=&#8221;all&#8221; background_color_opacity=&#8221;1&#8243; background_hover_color_opacity=&#8221;1&#8243; column_shadow=&#8221;none&#8221; column_border_radius=&#8221;none&#8221; width=&#8221;1\/4&#8243; column_border_width=&#8221;none&#8221; column_border_style=&#8221;solid&#8221;][image_with_animation image_url=&#8221;6511&#8243; alignment=&#8221;center&#8221; animation=&#8221;Fade In&#8221; border_radius=&#8221;none&#8221; box_shadow=&#8221;none&#8221; max_width=&#8221;100%&#8221; img_link=&#8221;\/decesos\/&#8221;][\/vc_column_inner][\/vc_row_inner][\/vc_column][vc_column column_padding=&#8221;no-extra-padding&#8221; column_padding_position=&#8221;all&#8221; background_color_opacity=&#8221;1&#8243; background_hover_color_opacity=&#8221;1&#8243; column_shadow=&#8221;none&#8221; column_border_radius=&#8221;none&#8221; width=&#8221;1\/1&#8243; tablet_text_alignment=&#8221;default&#8221; phone_text_alignment=&#8221;default&#8221; column_border_width=&#8221;none&#8221; column_border_style=&#8221;solid&#8221;][divider line_type=&#8221;No Line&#8221; custom_height=&#8221;35&#8243;][\/vc_column][\/vc_row][vc_row type=&#8221;full_width_content&#8221; full_screen_row_position=&#8221;middle&#8221; equal_height=&#8221;yes&#8221; content_placement=&#8221;middle&#8221; scene_position=&#8221;center&#8221; text_color=&#8221;dark&#8221; text_align=&#8221;left&#8221; top_padding=&#8221;1%&#8221; bottom_padding=&#8221;1%&#8221; overlay_strength=&#8221;0.3&#8243; shape_divider_position=&#8221;bottom&#8221; shape_type=&#8221;&#8221;][vc_column column_padding=&#8221;no-extra-padding&#8221; column_padding_position=&#8221;all&#8221; background_color_opacity=&#8221;1&#8243; background_hover_color_opacity=&#8221;1&#8243; column_shadow=&#8221;none&#8221; column_border_radius=&#8221;none&#8221; width=&#8221;1\/4&#8243; tablet_text_alignment=&#8221;default&#8221; phone_text_alignment=&#8221;default&#8221; column_border_width=&#8221;none&#8221; column_border_style=&#8221;solid&#8221;][\/vc_column][vc_column column_padding=&#8221;no-extra-padding&#8221; column_padding_position=&#8221;left&#8221; background_color_opacity=&#8221;1&#8243; background_hover_color_opacity=&#8221;1&#8243; column_shadow=&#8221;none&#8221; column_border_radius=&#8221;none&#8221; width=&#8221;1\/6&#8243; tablet_text_alignment=&#8221;default&#8221; phone_text_alignment=&#8221;default&#8221; column_border_width=&#8221;none&#8221; column_border_style=&#8221;solid&#8221;][image_with_animation image_url=&#8221;6733&#8243; alignment=&#8221;center&#8221; animation=&#8221;Fade In&#8221; img_link_target=&#8221;_blank&#8221; border_radius=&#8221;none&#8221; box_shadow=&#8221;none&#8221; max_width=&#8221;100%&#8221; img_link=&#8221;http:\/\/www.gobiernodecanarias.org\/aciisi\/&#8221;][\/vc_column][vc_column column_padding=&#8221;no-extra-padding&#8221; column_padding_position=&#8221;left&#8221; background_color_opacity=&#8221;1&#8243; background_hover_color_opacity=&#8221;1&#8243; column_shadow=&#8221;none&#8221; column_border_radius=&#8221;none&#8221; width=&#8221;1\/6&#8243; tablet_text_alignment=&#8221;default&#8221; phone_text_alignment=&#8221;default&#8221; column_border_width=&#8221;none&#8221; column_border_style=&#8221;solid&#8221;][image_with_animation image_url=&#8221;6731&#8243; alignment=&#8221;center&#8221; animation=&#8221;Fade In&#8221; border_radius=&#8221;none&#8221; box_shadow=&#8221;none&#8221; max_width=&#8221;100%&#8221;][\/vc_column][vc_column column_padding=&#8221;no-extra-padding&#8221; column_padding_position=&#8221;right&#8221; background_color_opacity=&#8221;1&#8243; background_hover_color_opacity=&#8221;1&#8243; column_shadow=&#8221;none&#8221; column_border_radius=&#8221;none&#8221; width=&#8221;1\/6&#8243; tablet_text_alignment=&#8221;default&#8221; phone_text_alignment=&#8221;default&#8221; column_border_width=&#8221;none&#8221; column_border_style=&#8221;solid&#8221;][image_with_animation image_url=&#8221;6819&#8243; alignment=&#8221;center&#8221; animation=&#8221;Fade In&#8221; img_link_target=&#8221;_blank&#8221; border_radius=&#8221;none&#8221; box_shadow=&#8221;none&#8221; max_width=&#8221;100%&#8221; img_link=&#8221;http:\/\/ec.europa.eu\/regional_policy\/es\/funding\/erdf\/&#8221;][\/vc_column][vc_column column_padding=&#8221;no-extra-padding&#8221; column_padding_position=&#8221;all&#8221; background_color_opacity=&#8221;1&#8243; background_hover_color_opacity=&#8221;1&#8243; column_shadow=&#8221;none&#8221; column_border_radius=&#8221;none&#8221; width=&#8221;1\/4&#8243; tablet_text_alignment=&#8221;default&#8221; phone_text_alignment=&#8221;default&#8221; column_border_width=&#8221;none&#8221; column_border_style=&#8221;solid&#8221;][\/vc_column][\/vc_row]\n","protected":false},"excerpt":{"rendered":"<p>[vc_row type=&#8221;in_container&#8221; full_screen_row_position=&#8221;middle&#8221; equal_height=&#8221;yes&#8221; content_placement=&#8221;top&#8221; scene_position=&#8221;center&#8221; text_color=&#8221;dark&#8221; text_align=&#8221;left&#8221; overlay_strength=&#8221;0.3&#8243; shape_divider_position=&#8221;bottom&#8221; shape_type=&#8221;&#8221;][vc_column column_padding=&#8221;no-extra-padding&#8221; column_padding_position=&#8221;all&#8221; background_color_opacity=&#8221;1&#8243; background_hover_color_opacity=&#8221;1&#8243; column_shadow=&#8221;none&#8221; column_border_radius=&#8221;none&#8221; width=&#8221;1\/2&#8243; tablet_text_alignment=&#8221;default&#8221; phone_text_alignment=&#8221;default&#8221; column_border_width=&#8221;none&#8221; column_border_style=&#8221;solid&#8221;][image_with_animation image_url=&#8221;6512&#8243; alignment=&#8221;right&#8221; animation=&#8221;Fade In&#8221; border_radius=&#8221;none&#8221; box_shadow=&#8221;none&#8221; max_width=&#8221;100%&#8221;][\/vc_column][vc_column column_padding=&#8221;no-extra-padding&#8221; column_padding_position=&#8221;all&#8221; background_color_opacity=&#8221;1&#8243; background_hover_color_opacity=&#8221;1&#8243; column_shadow=&#8221;none&#8221; column_border_radius=&#8221;none&#8221; width=&#8221;1\/2&#8243; tablet_text_alignment=&#8221;default&#8221; phone_text_alignment=&#8221;default&#8221; column_border_width=&#8221;none&#8221; column_border_style=&#8221;solid&#8221;][image_with_animation image_url=&#8221;7589&#8243; alignment=&#8221;&#8221; animation=&#8221;Fade In&#8221; border_radius=&#8221;none&#8221; box_shadow=&#8221;none&#8221; max_width=&#8221;100%&#8221;][vc_column_text]PAY AS YOU GO:&#8230;<\/p>\n","protected":false},"author":4,"featured_media":0,"parent":0,"menu_order":0,"comment_status":"closed","ping_status":"closed","template":"","meta":{"footnotes":""},"class_list":["post-7516","page","type-page","status-publish"],"yoast_head":"<!-- This site is optimized with the Yoast SEO plugin v27.3 - https:\/\/yoast.com\/product\/yoast-seo-wordpress\/ -->\n<title>plan bienestar plus &#8226; Avantis, La Respuesta en Salud<\/title>\n<meta name=\"description\" content=\"Conoce Avantis, descubre los planes de salud que buscas con la comodidad y calidad de los mejores profesionales sanitarios que necesitas en Canarias y m\u00e1s economico que un seguro de salud\" \/>\n<meta name=\"robots\" content=\"index, follow, max-snippet:-1, max-image-preview:large, max-video-preview:-1\" \/>\n<link rel=\"canonical\" href=\"https:\/\/www.avantissalud.com\/en\/plan-bienestar-plus\/\" \/>\n<meta property=\"og:locale\" content=\"en_US\" \/>\n<meta property=\"og:type\" content=\"article\" \/>\n<meta property=\"og:title\" content=\"plan bienestar plus &#8226; Avantis, La Respuesta en Salud\" \/>\n<meta property=\"og:description\" content=\"Conoce Avantis, descubre los planes de salud que buscas con la comodidad y calidad de los mejores profesionales sanitarios que necesitas en Canarias y m\u00e1s economico que un seguro de salud\" \/>\n<meta property=\"og:url\" content=\"https:\/\/www.avantissalud.com\/en\/plan-bienestar-plus\/\" \/>\n<meta property=\"og:site_name\" content=\"Avantis, La Respuesta en Salud\" \/>\n<meta property=\"article:publisher\" content=\"https:\/\/www.facebook.com\/LaRespuestaEnSalud\/\" \/>\n<meta property=\"article:modified_time\" content=\"2019-10-14T11:36:42+00:00\" \/>\n<meta property=\"og:image\" content=\"https:\/\/www.avantissalud.com\/wp-content\/uploads\/2017\/12\/logo-color.png\" \/>\n\t<meta property=\"og:image:width\" content=\"797\" \/>\n\t<meta property=\"og:image:height\" content=\"236\" \/>\n\t<meta property=\"og:image:type\" content=\"image\/png\" \/>\n<meta name=\"twitter:card\" content=\"summary_large_image\" \/>\n<meta name=\"twitter:site\" content=\"@AvantisSalud\" \/>\n<meta name=\"twitter:label1\" content=\"Est. reading time\" \/>\n\t<meta name=\"twitter:data1\" content=\"5 minutes\" \/>\n<script type=\"application\/ld+json\" class=\"yoast-schema-graph\">{\"@context\":\"https:\\\/\\\/schema.org\",\"@graph\":[{\"@type\":\"WebPage\",\"@id\":\"https:\\\/\\\/www.avantissalud.com\\\/en\\\/plan-bienestar-plus\\\/\",\"url\":\"https:\\\/\\\/www.avantissalud.com\\\/en\\\/plan-bienestar-plus\\\/\",\"name\":\"plan bienestar plus &#8226; Avantis, La Respuesta en Salud\",\"isPartOf\":{\"@id\":\"https:\\\/\\\/www.avantissalud.com\\\/#website\"},\"datePublished\":\"2018-06-19T12:00:37+00:00\",\"dateModified\":\"2019-10-14T11:36:42+00:00\",\"description\":\"Conoce Avantis, descubre los planes de salud que buscas con la comodidad y calidad de los mejores profesionales sanitarios que necesitas en Canarias y m\u00e1s economico que un seguro de salud\",\"breadcrumb\":{\"@id\":\"https:\\\/\\\/www.avantissalud.com\\\/en\\\/plan-bienestar-plus\\\/#breadcrumb\"},\"inLanguage\":\"en-US\",\"potentialAction\":[{\"@type\":\"ReadAction\",\"target\":[\"https:\\\/\\\/www.avantissalud.com\\\/en\\\/plan-bienestar-plus\\\/\"]}]},{\"@type\":\"BreadcrumbList\",\"@id\":\"https:\\\/\\\/www.avantissalud.com\\\/en\\\/plan-bienestar-plus\\\/#breadcrumb\",\"itemListElement\":[{\"@type\":\"ListItem\",\"position\":1,\"name\":\"Portada\",\"item\":\"https:\\\/\\\/www.avantissalud.com\\\/en\\\/\"},{\"@type\":\"ListItem\",\"position\":2,\"name\":\"plan bienestar plus\"}]},{\"@type\":\"WebSite\",\"@id\":\"https:\\\/\\\/www.avantissalud.com\\\/#website\",\"url\":\"https:\\\/\\\/www.avantissalud.com\\\/\",\"name\":\"Avantis, La Respuesta en Salud\",\"description\":\"Producto dise\u00f1ado y promovido por expertos farmac\u00e9uticos, enfermeros, fisioterapeutas, odont\u00f3logos, m\u00e9dicos y profesionales del sector asegurador, que se acoge a la agilidad y sencillez que proporcionan las nuevas tecnolog\u00edas\",\"publisher\":{\"@id\":\"https:\\\/\\\/www.avantissalud.com\\\/#organization\"},\"potentialAction\":[{\"@type\":\"SearchAction\",\"target\":{\"@type\":\"EntryPoint\",\"urlTemplate\":\"https:\\\/\\\/www.avantissalud.com\\\/?s={search_term_string}\"},\"query-input\":{\"@type\":\"PropertyValueSpecification\",\"valueRequired\":true,\"valueName\":\"search_term_string\"}}],\"inLanguage\":\"en-US\"},{\"@type\":\"Organization\",\"@id\":\"https:\\\/\\\/www.avantissalud.com\\\/#organization\",\"name\":\"Avantis Salud\",\"url\":\"https:\\\/\\\/www.avantissalud.com\\\/\",\"logo\":{\"@type\":\"ImageObject\",\"inLanguage\":\"en-US\",\"@id\":\"https:\\\/\\\/www.avantissalud.com\\\/#\\\/schema\\\/logo\\\/image\\\/\",\"url\":\"https:\\\/\\\/www.avantissalud.com\\\/wp-content\\\/uploads\\\/2017\\\/12\\\/logo-color.png\",\"contentUrl\":\"https:\\\/\\\/www.avantissalud.com\\\/wp-content\\\/uploads\\\/2017\\\/12\\\/logo-color.png\",\"width\":797,\"height\":236,\"caption\":\"Avantis Salud\"},\"image\":{\"@id\":\"https:\\\/\\\/www.avantissalud.com\\\/#\\\/schema\\\/logo\\\/image\\\/\"},\"sameAs\":[\"https:\\\/\\\/www.facebook.com\\\/LaRespuestaEnSalud\\\/\",\"https:\\\/\\\/x.com\\\/AvantisSalud\",\"https:\\\/\\\/www.instagram.com\\\/avantissalud\\\/\",\"https:\\\/\\\/www.linkedin.com\\\/company\\\/11427972\\\/\",\"https:\\\/\\\/www.youtube.com\\\/user\\\/AvantisSalud\"]}]}<\/script>\n<!-- \/ Yoast SEO plugin. -->","yoast_head_json":{"title":"plan bienestar plus &#8226; Avantis, La Respuesta en Salud","description":"Conoce Avantis, descubre los planes de salud que buscas con la comodidad y calidad de los mejores profesionales sanitarios que necesitas en Canarias y m\u00e1s economico que un seguro de salud","robots":{"index":"index","follow":"follow","max-snippet":"max-snippet:-1","max-image-preview":"max-image-preview:large","max-video-preview":"max-video-preview:-1"},"canonical":"https:\/\/www.avantissalud.com\/en\/plan-bienestar-plus\/","og_locale":"en_US","og_type":"article","og_title":"plan bienestar plus &#8226; Avantis, La Respuesta en Salud","og_description":"Conoce Avantis, descubre los planes de salud que buscas con la comodidad y calidad de los mejores profesionales sanitarios que necesitas en Canarias y m\u00e1s economico que un seguro de salud","og_url":"https:\/\/www.avantissalud.com\/en\/plan-bienestar-plus\/","og_site_name":"Avantis, La Respuesta en Salud","article_publisher":"https:\/\/www.facebook.com\/LaRespuestaEnSalud\/","article_modified_time":"2019-10-14T11:36:42+00:00","og_image":[{"width":797,"height":236,"url":"https:\/\/www.avantissalud.com\/wp-content\/uploads\/2017\/12\/logo-color.png","type":"image\/png"}],"twitter_card":"summary_large_image","twitter_site":"@AvantisSalud","twitter_misc":{"Est. reading time":"5 minutes"},"schema":{"@context":"https:\/\/schema.org","@graph":[{"@type":"WebPage","@id":"https:\/\/www.avantissalud.com\/en\/plan-bienestar-plus\/","url":"https:\/\/www.avantissalud.com\/en\/plan-bienestar-plus\/","name":"plan bienestar plus &#8226; Avantis, La Respuesta en Salud","isPartOf":{"@id":"https:\/\/www.avantissalud.com\/#website"},"datePublished":"2018-06-19T12:00:37+00:00","dateModified":"2019-10-14T11:36:42+00:00","description":"Conoce Avantis, descubre los planes de salud que buscas con la comodidad y calidad de los mejores profesionales sanitarios que necesitas en Canarias y m\u00e1s economico que un seguro de salud","breadcrumb":{"@id":"https:\/\/www.avantissalud.com\/en\/plan-bienestar-plus\/#breadcrumb"},"inLanguage":"en-US","potentialAction":[{"@type":"ReadAction","target":["https:\/\/www.avantissalud.com\/en\/plan-bienestar-plus\/"]}]},{"@type":"BreadcrumbList","@id":"https:\/\/www.avantissalud.com\/en\/plan-bienestar-plus\/#breadcrumb","itemListElement":[{"@type":"ListItem","position":1,"name":"Portada","item":"https:\/\/www.avantissalud.com\/en\/"},{"@type":"ListItem","position":2,"name":"plan bienestar plus"}]},{"@type":"WebSite","@id":"https:\/\/www.avantissalud.com\/#website","url":"https:\/\/www.avantissalud.com\/","name":"Avantis, La Respuesta en Salud","description":"Producto dise\u00f1ado y promovido por expertos farmac\u00e9uticos, enfermeros, fisioterapeutas, odont\u00f3logos, m\u00e9dicos y profesionales del sector asegurador, que se acoge a la agilidad y sencillez que proporcionan las nuevas tecnolog\u00edas","publisher":{"@id":"https:\/\/www.avantissalud.com\/#organization"},"potentialAction":[{"@type":"SearchAction","target":{"@type":"EntryPoint","urlTemplate":"https:\/\/www.avantissalud.com\/?s={search_term_string}"},"query-input":{"@type":"PropertyValueSpecification","valueRequired":true,"valueName":"search_term_string"}}],"inLanguage":"en-US"},{"@type":"Organization","@id":"https:\/\/www.avantissalud.com\/#organization","name":"Avantis Salud","url":"https:\/\/www.avantissalud.com\/","logo":{"@type":"ImageObject","inLanguage":"en-US","@id":"https:\/\/www.avantissalud.com\/#\/schema\/logo\/image\/","url":"https:\/\/www.avantissalud.com\/wp-content\/uploads\/2017\/12\/logo-color.png","contentUrl":"https:\/\/www.avantissalud.com\/wp-content\/uploads\/2017\/12\/logo-color.png","width":797,"height":236,"caption":"Avantis Salud"},"image":{"@id":"https:\/\/www.avantissalud.com\/#\/schema\/logo\/image\/"},"sameAs":["https:\/\/www.facebook.com\/LaRespuestaEnSalud\/","https:\/\/x.com\/AvantisSalud","https:\/\/www.instagram.com\/avantissalud\/","https:\/\/www.linkedin.com\/company\/11427972\/","https:\/\/www.youtube.com\/user\/AvantisSalud"]}]}},"_links":{"self":[{"href":"https:\/\/www.avantissalud.com\/en\/wp-json\/wp\/v2\/pages\/7516","targetHints":{"allow":["GET"]}}],"collection":[{"href":"https:\/\/www.avantissalud.com\/en\/wp-json\/wp\/v2\/pages"}],"about":[{"href":"https:\/\/www.avantissalud.com\/en\/wp-json\/wp\/v2\/types\/page"}],"author":[{"embeddable":true,"href":"https:\/\/www.avantissalud.com\/en\/wp-json\/wp\/v2\/users\/4"}],"replies":[{"embeddable":true,"href":"https:\/\/www.avantissalud.com\/en\/wp-json\/wp\/v2\/comments?post=7516"}],"version-history":[{"count":5,"href":"https:\/\/www.avantissalud.com\/en\/wp-json\/wp\/v2\/pages\/7516\/revisions"}],"predecessor-version":[{"id":7595,"href":"https:\/\/www.avantissalud.com\/en\/wp-json\/wp\/v2\/pages\/7516\/revisions\/7595"}],"wp:attachment":[{"href":"https:\/\/www.avantissalud.com\/en\/wp-json\/wp\/v2\/media?parent=7516"}],"curies":[{"name":"wp","href":"https:\/\/api.w.org\/{rel}","templated":true}]}}