{"id":7572,"date":"2019-06-25T07:27:20","date_gmt":"2019-06-25T07:27:20","guid":{"rendered":"https:\/\/www.avantissalud.com\/?page_id=7572"},"modified":"2020-05-07T16:55:38","modified_gmt":"2020-05-07T16:55:38","slug":"maria-garcia-estrada-foundation","status":"publish","type":"page","link":"https:\/\/www.avantissalud.com\/en\/maria-garcia-estrada-foundation\/","title":{"rendered":"Mar\u00eda Garc\u00eda Estrada Foundation"},"content":{"rendered":"[vc_row type=&#8221;in_container&#8221; full_screen_row_position=&#8221;middle&#8221; scene_position=&#8221;center&#8221; text_color=&#8221;dark&#8221; text_align=&#8221;left&#8221; overlay_strength=&#8221;0.3&#8243; shape_divider_position=&#8221;bottom&#8221;][vc_column column_padding=&#8221;no-extra-padding&#8221; column_padding_position=&#8221;all&#8221; background_color_opacity=&#8221;1&#8243; background_hover_color_opacity=&#8221;1&#8243; column_shadow=&#8221;none&#8221; column_border_radius=&#8221;none&#8221; width=&#8221;1\/1&#8243; tablet_text_alignment=&#8221;default&#8221; phone_text_alignment=&#8221;default&#8221; column_border_width=&#8221;none&#8221; column_border_style=&#8221;solid&#8221;][vc_column_text]\n<p style=\"text-align: center;\"><img loading=\"lazy\" decoding=\"async\" class=\"size-full wp-image-7350 aligncenter\" src=\"https:\/\/www.avantissalud.com\/wp-content\/uploads\/2019\/06\/fundacion-maria.png\" alt=\"\" width=\"286\" height=\"191\" \/><\/p>\n<p style=\"text-align: center;\">The goal of Fundaci\u00f3n Mar\u00eda Garc\u00eda Estrada is to follow lines of research in the knowledge, diagnosis and treatment of sarcomas, with the aim of helping all the patients who suffer and fight this type of cancer every day. They do this by setting up research programmes to learn more about this disease and how to cure it. That is why Avantis Salud supports this project that helps future patients obtain a diagnosis and treatment.<\/p>\n<p style=\"text-align: center;\">Two years ago, their sixth line of research came to an end. This led to a new study focusing on the use of clinical adaptation and validation by means of a system that allows detecting simultaneously several gene fusions in one single reaction, which is essential for a correct diagnosis, thus providing each patient with the treatment regimes that suit them best.<\/p>\n[\/vc_column_text][\/vc_column][\/vc_row]\n","protected":false},"excerpt":{"rendered":"<p>[vc_row type=&#8221;in_container&#8221; full_screen_row_position=&#8221;middle&#8221; scene_position=&#8221;center&#8221; text_color=&#8221;dark&#8221; text_align=&#8221;left&#8221; overlay_strength=&#8221;0.3&#8243; shape_divider_position=&#8221;bottom&#8221;][vc_column column_padding=&#8221;no-extra-padding&#8221; column_padding_position=&#8221;all&#8221; background_color_opacity=&#8221;1&#8243; background_hover_color_opacity=&#8221;1&#8243; column_shadow=&#8221;none&#8221; column_border_radius=&#8221;none&#8221; width=&#8221;1\/1&#8243; tablet_text_alignment=&#8221;default&#8221; phone_text_alignment=&#8221;default&#8221; column_border_width=&#8221;none&#8221; column_border_style=&#8221;solid&#8221;][vc_column_text] The goal of Fundaci\u00f3n Mar\u00eda Garc\u00eda Estrada is to follow lines of research in the knowledge, diagnosis and treatment of sarcomas, with the aim of helping all the patients who suffer&#8230;<\/p>\n","protected":false},"author":4,"featured_media":0,"parent":0,"menu_order":0,"comment_status":"closed","ping_status":"closed","template":"","meta":{"footnotes":""},"class_list":["post-7572","page","type-page","status-publish"],"yoast_head":"<!-- This site is optimized with the Yoast SEO plugin v27.5 - https:\/\/yoast.com\/product\/yoast-seo-wordpress\/ -->\n<title>Mar\u00eda Garc\u00eda Estrada Foundation &#8226; Avantis, La Respuesta en Salud<\/title>\n<meta name=\"description\" content=\"Conoce Avantis, descubre los planes de salud que buscas con la comodidad y calidad de los mejores profesionales sanitarios que necesitas en Canarias y m\u00e1s economico que un seguro de salud\" \/>\n<meta name=\"robots\" content=\"index, follow, max-snippet:-1, max-image-preview:large, max-video-preview:-1\" \/>\n<link rel=\"canonical\" href=\"https:\/\/www.avantissalud.com\/en\/maria-garcia-estrada-foundation\/\" \/>\n<meta property=\"og:locale\" content=\"en_US\" \/>\n<meta property=\"og:type\" content=\"article\" \/>\n<meta property=\"og:title\" content=\"Mar\u00eda Garc\u00eda Estrada Foundation &#8226; Avantis, La Respuesta en Salud\" \/>\n<meta property=\"og:description\" content=\"Conoce Avantis, descubre los planes de salud que buscas con la comodidad y calidad de los mejores profesionales sanitarios que necesitas en Canarias y m\u00e1s economico que un seguro de salud\" \/>\n<meta property=\"og:url\" content=\"https:\/\/www.avantissalud.com\/en\/maria-garcia-estrada-foundation\/\" \/>\n<meta property=\"og:site_name\" content=\"Avantis, La Respuesta en Salud\" \/>\n<meta property=\"article:publisher\" content=\"https:\/\/www.facebook.com\/LaRespuestaEnSalud\/\" \/>\n<meta property=\"article:modified_time\" content=\"2020-05-07T16:55:38+00:00\" \/>\n<meta property=\"og:image\" content=\"https:\/\/www.avantissalud.com\/wp-content\/uploads\/2019\/06\/fundacion-maria.png\" \/>\n<meta name=\"twitter:card\" content=\"summary_large_image\" \/>\n<meta name=\"twitter:site\" content=\"@AvantisSalud\" \/>\n<meta name=\"twitter:label1\" content=\"Est. reading time\" \/>\n\t<meta name=\"twitter:data1\" content=\"1 minute\" \/>\n<script type=\"application\/ld+json\" class=\"yoast-schema-graph\">{\"@context\":\"https:\\\/\\\/schema.org\",\"@graph\":[{\"@type\":\"WebPage\",\"@id\":\"https:\\\/\\\/www.avantissalud.com\\\/en\\\/maria-garcia-estrada-foundation\\\/\",\"url\":\"https:\\\/\\\/www.avantissalud.com\\\/en\\\/maria-garcia-estrada-foundation\\\/\",\"name\":\"Mar\u00eda Garc\u00eda Estrada Foundation &#8226; Avantis, La Respuesta en Salud\",\"isPartOf\":{\"@id\":\"https:\\\/\\\/www.avantissalud.com\\\/#website\"},\"primaryImageOfPage\":{\"@id\":\"https:\\\/\\\/www.avantissalud.com\\\/en\\\/maria-garcia-estrada-foundation\\\/#primaryimage\"},\"image\":{\"@id\":\"https:\\\/\\\/www.avantissalud.com\\\/en\\\/maria-garcia-estrada-foundation\\\/#primaryimage\"},\"thumbnailUrl\":\"https:\\\/\\\/www.avantissalud.com\\\/wp-content\\\/uploads\\\/2019\\\/06\\\/fundacion-maria.png\",\"datePublished\":\"2019-06-25T07:27:20+00:00\",\"dateModified\":\"2020-05-07T16:55:38+00:00\",\"description\":\"Conoce Avantis, descubre los planes de salud que buscas con la comodidad y calidad de los mejores profesionales sanitarios que necesitas en Canarias y m\u00e1s economico que un seguro de salud\",\"breadcrumb\":{\"@id\":\"https:\\\/\\\/www.avantissalud.com\\\/en\\\/maria-garcia-estrada-foundation\\\/#breadcrumb\"},\"inLanguage\":\"en-US\",\"potentialAction\":[{\"@type\":\"ReadAction\",\"target\":[\"https:\\\/\\\/www.avantissalud.com\\\/en\\\/maria-garcia-estrada-foundation\\\/\"]}]},{\"@type\":\"ImageObject\",\"inLanguage\":\"en-US\",\"@id\":\"https:\\\/\\\/www.avantissalud.com\\\/en\\\/maria-garcia-estrada-foundation\\\/#primaryimage\",\"url\":\"https:\\\/\\\/www.avantissalud.com\\\/wp-content\\\/uploads\\\/2019\\\/06\\\/fundacion-maria.png\",\"contentUrl\":\"https:\\\/\\\/www.avantissalud.com\\\/wp-content\\\/uploads\\\/2019\\\/06\\\/fundacion-maria.png\"},{\"@type\":\"BreadcrumbList\",\"@id\":\"https:\\\/\\\/www.avantissalud.com\\\/en\\\/maria-garcia-estrada-foundation\\\/#breadcrumb\",\"itemListElement\":[{\"@type\":\"ListItem\",\"position\":1,\"name\":\"Portada\",\"item\":\"https:\\\/\\\/www.avantissalud.com\\\/en\\\/\"},{\"@type\":\"ListItem\",\"position\":2,\"name\":\"Mar\u00eda Garc\u00eda Estrada Foundation\"}]},{\"@type\":\"WebSite\",\"@id\":\"https:\\\/\\\/www.avantissalud.com\\\/#website\",\"url\":\"https:\\\/\\\/www.avantissalud.com\\\/\",\"name\":\"Avantis, La Respuesta en Salud\",\"description\":\"Producto dise\u00f1ado y promovido por expertos farmac\u00e9uticos, enfermeros, fisioterapeutas, odont\u00f3logos, m\u00e9dicos y profesionales del sector asegurador, que se acoge a la agilidad y sencillez que proporcionan las nuevas tecnolog\u00edas\",\"publisher\":{\"@id\":\"https:\\\/\\\/www.avantissalud.com\\\/#organization\"},\"potentialAction\":[{\"@type\":\"SearchAction\",\"target\":{\"@type\":\"EntryPoint\",\"urlTemplate\":\"https:\\\/\\\/www.avantissalud.com\\\/?s={search_term_string}\"},\"query-input\":{\"@type\":\"PropertyValueSpecification\",\"valueRequired\":true,\"valueName\":\"search_term_string\"}}],\"inLanguage\":\"en-US\"},{\"@type\":\"Organization\",\"@id\":\"https:\\\/\\\/www.avantissalud.com\\\/#organization\",\"name\":\"Avantis Salud\",\"url\":\"https:\\\/\\\/www.avantissalud.com\\\/\",\"logo\":{\"@type\":\"ImageObject\",\"inLanguage\":\"en-US\",\"@id\":\"https:\\\/\\\/www.avantissalud.com\\\/#\\\/schema\\\/logo\\\/image\\\/\",\"url\":\"https:\\\/\\\/www.avantissalud.com\\\/wp-content\\\/uploads\\\/2017\\\/12\\\/logo-color.png\",\"contentUrl\":\"https:\\\/\\\/www.avantissalud.com\\\/wp-content\\\/uploads\\\/2017\\\/12\\\/logo-color.png\",\"width\":797,\"height\":236,\"caption\":\"Avantis Salud\"},\"image\":{\"@id\":\"https:\\\/\\\/www.avantissalud.com\\\/#\\\/schema\\\/logo\\\/image\\\/\"},\"sameAs\":[\"https:\\\/\\\/www.facebook.com\\\/LaRespuestaEnSalud\\\/\",\"https:\\\/\\\/x.com\\\/AvantisSalud\",\"https:\\\/\\\/www.instagram.com\\\/avantissalud\\\/\",\"https:\\\/\\\/www.linkedin.com\\\/company\\\/11427972\\\/\",\"https:\\\/\\\/www.youtube.com\\\/user\\\/AvantisSalud\"]}]}<\/script>\n<!-- \/ Yoast SEO plugin. -->","yoast_head_json":{"title":"Mar\u00eda Garc\u00eda Estrada Foundation &#8226; Avantis, La Respuesta en Salud","description":"Conoce Avantis, descubre los planes de salud que buscas con la comodidad y calidad de los mejores profesionales sanitarios que necesitas en Canarias y m\u00e1s economico que un seguro de salud","robots":{"index":"index","follow":"follow","max-snippet":"max-snippet:-1","max-image-preview":"max-image-preview:large","max-video-preview":"max-video-preview:-1"},"canonical":"https:\/\/www.avantissalud.com\/en\/maria-garcia-estrada-foundation\/","og_locale":"en_US","og_type":"article","og_title":"Mar\u00eda Garc\u00eda Estrada Foundation &#8226; Avantis, La Respuesta en Salud","og_description":"Conoce Avantis, descubre los planes de salud que buscas con la comodidad y calidad de los mejores profesionales sanitarios que necesitas en Canarias y m\u00e1s economico que un seguro de salud","og_url":"https:\/\/www.avantissalud.com\/en\/maria-garcia-estrada-foundation\/","og_site_name":"Avantis, La Respuesta en Salud","article_publisher":"https:\/\/www.facebook.com\/LaRespuestaEnSalud\/","article_modified_time":"2020-05-07T16:55:38+00:00","og_image":[{"url":"https:\/\/www.avantissalud.com\/wp-content\/uploads\/2019\/06\/fundacion-maria.png","type":"","width":"","height":""}],"twitter_card":"summary_large_image","twitter_site":"@AvantisSalud","twitter_misc":{"Est. reading time":"1 minute"},"schema":{"@context":"https:\/\/schema.org","@graph":[{"@type":"WebPage","@id":"https:\/\/www.avantissalud.com\/en\/maria-garcia-estrada-foundation\/","url":"https:\/\/www.avantissalud.com\/en\/maria-garcia-estrada-foundation\/","name":"Mar\u00eda Garc\u00eda Estrada Foundation &#8226; Avantis, La Respuesta en Salud","isPartOf":{"@id":"https:\/\/www.avantissalud.com\/#website"},"primaryImageOfPage":{"@id":"https:\/\/www.avantissalud.com\/en\/maria-garcia-estrada-foundation\/#primaryimage"},"image":{"@id":"https:\/\/www.avantissalud.com\/en\/maria-garcia-estrada-foundation\/#primaryimage"},"thumbnailUrl":"https:\/\/www.avantissalud.com\/wp-content\/uploads\/2019\/06\/fundacion-maria.png","datePublished":"2019-06-25T07:27:20+00:00","dateModified":"2020-05-07T16:55:38+00:00","description":"Conoce Avantis, descubre los planes de salud que buscas con la comodidad y calidad de los mejores profesionales sanitarios que necesitas en Canarias y m\u00e1s economico que un seguro de salud","breadcrumb":{"@id":"https:\/\/www.avantissalud.com\/en\/maria-garcia-estrada-foundation\/#breadcrumb"},"inLanguage":"en-US","potentialAction":[{"@type":"ReadAction","target":["https:\/\/www.avantissalud.com\/en\/maria-garcia-estrada-foundation\/"]}]},{"@type":"ImageObject","inLanguage":"en-US","@id":"https:\/\/www.avantissalud.com\/en\/maria-garcia-estrada-foundation\/#primaryimage","url":"https:\/\/www.avantissalud.com\/wp-content\/uploads\/2019\/06\/fundacion-maria.png","contentUrl":"https:\/\/www.avantissalud.com\/wp-content\/uploads\/2019\/06\/fundacion-maria.png"},{"@type":"BreadcrumbList","@id":"https:\/\/www.avantissalud.com\/en\/maria-garcia-estrada-foundation\/#breadcrumb","itemListElement":[{"@type":"ListItem","position":1,"name":"Portada","item":"https:\/\/www.avantissalud.com\/en\/"},{"@type":"ListItem","position":2,"name":"Mar\u00eda Garc\u00eda Estrada Foundation"}]},{"@type":"WebSite","@id":"https:\/\/www.avantissalud.com\/#website","url":"https:\/\/www.avantissalud.com\/","name":"Avantis, La Respuesta en Salud","description":"Producto dise\u00f1ado y promovido por expertos farmac\u00e9uticos, enfermeros, fisioterapeutas, odont\u00f3logos, m\u00e9dicos y profesionales del sector asegurador, que se acoge a la agilidad y sencillez que proporcionan las nuevas tecnolog\u00edas","publisher":{"@id":"https:\/\/www.avantissalud.com\/#organization"},"potentialAction":[{"@type":"SearchAction","target":{"@type":"EntryPoint","urlTemplate":"https:\/\/www.avantissalud.com\/?s={search_term_string}"},"query-input":{"@type":"PropertyValueSpecification","valueRequired":true,"valueName":"search_term_string"}}],"inLanguage":"en-US"},{"@type":"Organization","@id":"https:\/\/www.avantissalud.com\/#organization","name":"Avantis Salud","url":"https:\/\/www.avantissalud.com\/","logo":{"@type":"ImageObject","inLanguage":"en-US","@id":"https:\/\/www.avantissalud.com\/#\/schema\/logo\/image\/","url":"https:\/\/www.avantissalud.com\/wp-content\/uploads\/2017\/12\/logo-color.png","contentUrl":"https:\/\/www.avantissalud.com\/wp-content\/uploads\/2017\/12\/logo-color.png","width":797,"height":236,"caption":"Avantis Salud"},"image":{"@id":"https:\/\/www.avantissalud.com\/#\/schema\/logo\/image\/"},"sameAs":["https:\/\/www.facebook.com\/LaRespuestaEnSalud\/","https:\/\/x.com\/AvantisSalud","https:\/\/www.instagram.com\/avantissalud\/","https:\/\/www.linkedin.com\/company\/11427972\/","https:\/\/www.youtube.com\/user\/AvantisSalud"]}]}},"_links":{"self":[{"href":"https:\/\/www.avantissalud.com\/en\/wp-json\/wp\/v2\/pages\/7572","targetHints":{"allow":["GET"]}}],"collection":[{"href":"https:\/\/www.avantissalud.com\/en\/wp-json\/wp\/v2\/pages"}],"about":[{"href":"https:\/\/www.avantissalud.com\/en\/wp-json\/wp\/v2\/types\/page"}],"author":[{"embeddable":true,"href":"https:\/\/www.avantissalud.com\/en\/wp-json\/wp\/v2\/users\/4"}],"replies":[{"embeddable":true,"href":"https:\/\/www.avantissalud.com\/en\/wp-json\/wp\/v2\/comments?post=7572"}],"version-history":[{"count":3,"href":"https:\/\/www.avantissalud.com\/en\/wp-json\/wp\/v2\/pages\/7572\/revisions"}],"predecessor-version":[{"id":8392,"href":"https:\/\/www.avantissalud.com\/en\/wp-json\/wp\/v2\/pages\/7572\/revisions\/8392"}],"wp:attachment":[{"href":"https:\/\/www.avantissalud.com\/en\/wp-json\/wp\/v2\/media?parent=7572"}],"curies":[{"name":"wp","href":"https:\/\/api.w.org\/{rel}","templated":true}]}}